{"id":15594,"date":"2023-09-28T20:05:41","date_gmt":"2023-09-28T17:05:41","guid":{"rendered":"https:\/\/incekumtour.com\/autovermietungen\/"},"modified":"2023-10-12T14:09:31","modified_gmt":"2023-10-12T13:09:31","slug":"autovermietungen","status":"publish","type":"page","link":"https:\/\/incekumtour.com\/de\/autovermietungen\/","title":{"rendered":"Autovermietungen"},"content":{"rendered":"\t\t<div data-elementor-type=\"wp-page\" data-elementor-id=\"15594\" class=\"elementor elementor-15594 elementor-14712\">\n\t\t\t\t\t\t\t<div class=\"elementor-element elementor-element-5f42d304 e-con-full e-flex e-con e-parent\" data-id=\"5f42d304\" data-element_type=\"container\" data-settings=\"{&quot;content_width&quot;:&quot;full&quot;,&quot;background_background&quot;:&quot;classic&quot;}\" data-core-v316-plus=\"true\">\n\t\t<div class=\"elementor-element elementor-element-12a6bc94 e-flex e-con-boxed e-con e-child\" data-id=\"12a6bc94\" data-element_type=\"container\" data-settings=\"{&quot;content_width&quot;:&quot;boxed&quot;}\">\n\t\t\t\t\t<div class=\"e-con-inner\">\n\t\t\t\t<div class=\"elementor-element elementor-element-7f5ffcfa elementor-widget__width-initial animated-slow elementor-invisible elementor-widget elementor-widget-heading\" data-id=\"7f5ffcfa\" data-element_type=\"widget\" data-settings=\"{&quot;_animation&quot;:&quot;fadeInDown&quot;}\" data-widget_type=\"heading.default\">\n\t\t\t\t<div class=\"elementor-widget-container\">\n\t\t\t<style>\/*! elementor - v3.17.0 - 08-11-2023 *\/\n.elementor-heading-title{padding:0;margin:0;line-height:1}.elementor-widget-heading .elementor-heading-title[class*=elementor-size-]>a{color:inherit;font-size:inherit;line-height:inherit}.elementor-widget-heading .elementor-heading-title.elementor-size-small{font-size:15px}.elementor-widget-heading .elementor-heading-title.elementor-size-medium{font-size:19px}.elementor-widget-heading .elementor-heading-title.elementor-size-large{font-size:29px}.elementor-widget-heading .elementor-heading-title.elementor-size-xl{font-size:39px}.elementor-widget-heading .elementor-heading-title.elementor-size-xxl{font-size:59px}<\/style><h1 class=\"elementor-heading-title elementor-size-default\">Autovermietung mit den besten Modellen<\/h1>\t\t<\/div>\n\t\t\t\t<\/div>\n\t\t\t\t\t<\/div>\n\t\t\t\t<\/div>\n\t\t<div class=\"elementor-element elementor-element-58cd8efb e-flex e-con-boxed e-con e-child\" data-id=\"58cd8efb\" data-element_type=\"container\" data-settings=\"{&quot;content_width&quot;:&quot;boxed&quot;}\">\n\t\t\t\t\t<div class=\"e-con-inner\">\n\t\t<div class=\"elementor-element elementor-element-70bd1885 e-flex e-con-boxed e-con e-child\" data-id=\"70bd1885\" data-element_type=\"container\" data-settings=\"{&quot;background_background&quot;:&quot;classic&quot;,&quot;content_width&quot;:&quot;boxed&quot;}\">\n\t\t\t\t\t<div class=\"e-con-inner\">\n\t\t<div class=\"elementor-element elementor-element-7f9f09e5 animated-slow e-flex e-con-boxed elementor-invisible e-con e-child\" data-id=\"7f9f09e5\" data-element_type=\"container\" data-settings=\"{&quot;background_background&quot;:&quot;classic&quot;,&quot;animation&quot;:&quot;fadeIn&quot;,&quot;animation_delay&quot;:400,&quot;content_width&quot;:&quot;boxed&quot;}\">\n\t\t\t\t\t<div class=\"e-con-inner\">\n\t\t\t\t<div class=\"elementor-element elementor-element-23fbc225 elementor-widget elementor-widget-image\" data-id=\"23fbc225\" data-element_type=\"widget\" data-widget_type=\"image.default\">\n\t\t\t\t<div class=\"elementor-widget-container\">\n\t\t\t<style>\/*! elementor - v3.17.0 - 08-11-2023 *\/\n.elementor-widget-image{text-align:center}.elementor-widget-image a{display:inline-block}.elementor-widget-image a img[src$=\".svg\"]{width:48px}.elementor-widget-image img{vertical-align:middle;display:inline-block}<\/style>\t\t\t\t\t\t\t\t\t\t\t\t<img loading=\"lazy\" decoding=\"async\" width=\"640\" height=\"360\" src=\"https:\/\/incekumtour.com\/wp-content\/uploads\/2023\/09\/Dacia-duster.jpg\" class=\"attachment-full size-full wp-image-15350\" alt=\"\" srcset=\"https:\/\/incekumtour.com\/wp-content\/uploads\/2023\/09\/Dacia-duster.jpg 640w, https:\/\/incekumtour.com\/wp-content\/uploads\/2023\/09\/Dacia-duster-300x169.jpg 300w\" sizes=\"auto, (max-width: 640px) 100vw, 640px\" \/>\t\t\t\t\t\t\t\t\t\t\t\t\t\t\t<\/div>\n\t\t\t\t<\/div>\n\t\t\t\t<div class=\"elementor-element elementor-element-4b2937ce elementor-widget elementor-widget-heading\" data-id=\"4b2937ce\" data-element_type=\"widget\" data-widget_type=\"heading.default\">\n\t\t\t\t<div class=\"elementor-widget-container\">\n\t\t\t<h3 class=\"elementor-heading-title elementor-size-default\">Dacia<\/h3>\t\t<\/div>\n\t\t\t\t<\/div>\n\t\t\t\t\t<\/div>\n\t\t\t\t<\/div>\n\t\t\t\t\t<\/div>\n\t\t\t\t<\/div>\n\t\t<div class=\"elementor-element elementor-element-319d84d3 e-flex e-con-boxed e-con e-child\" data-id=\"319d84d3\" data-element_type=\"container\" data-settings=\"{&quot;background_background&quot;:&quot;classic&quot;,&quot;content_width&quot;:&quot;boxed&quot;}\">\n\t\t\t\t\t<div class=\"e-con-inner\">\n\t\t<div class=\"elementor-element elementor-element-1d4d39ec animated-slow e-flex e-con-boxed elementor-invisible e-con e-child\" data-id=\"1d4d39ec\" data-element_type=\"container\" data-settings=\"{&quot;background_background&quot;:&quot;classic&quot;,&quot;animation&quot;:&quot;fadeIn&quot;,&quot;animation_delay&quot;:600,&quot;content_width&quot;:&quot;boxed&quot;}\">\n\t\t\t\t\t<div class=\"e-con-inner\">\n\t\t\t\t<div class=\"elementor-element elementor-element-27eca89a elementor-widget elementor-widget-image\" data-id=\"27eca89a\" data-element_type=\"widget\" data-widget_type=\"image.default\">\n\t\t\t\t<div class=\"elementor-widget-container\">\n\t\t\t\t\t\t\t\t\t\t\t\t\t\t\t<img loading=\"lazy\" decoding=\"async\" width=\"606\" height=\"340\" src=\"https:\/\/incekumtour.com\/wp-content\/uploads\/2023\/09\/Fiat-EGEA.jpg\" class=\"attachment-full size-full wp-image-15353\" alt=\"\" srcset=\"https:\/\/incekumtour.com\/wp-content\/uploads\/2023\/09\/Fiat-EGEA.jpg 606w, https:\/\/incekumtour.com\/wp-content\/uploads\/2023\/09\/Fiat-EGEA-300x168.jpg 300w\" sizes=\"auto, (max-width: 606px) 100vw, 606px\" \/>\t\t\t\t\t\t\t\t\t\t\t\t\t\t\t<\/div>\n\t\t\t\t<\/div>\n\t\t\t\t<div class=\"elementor-element elementor-element-142e69b0 elementor-widget elementor-widget-heading\" data-id=\"142e69b0\" data-element_type=\"widget\" data-widget_type=\"heading.default\">\n\t\t\t\t<div class=\"elementor-widget-container\">\n\t\t\t<h3 class=\"elementor-heading-title elementor-size-default\">Egea<\/h3>\t\t<\/div>\n\t\t\t\t<\/div>\n\t\t\t\t\t<\/div>\n\t\t\t\t<\/div>\n\t\t\t\t\t<\/div>\n\t\t\t\t<\/div>\n\t\t<div class=\"elementor-element elementor-element-603bf64f e-flex e-con-boxed e-con e-child\" data-id=\"603bf64f\" data-element_type=\"container\" data-settings=\"{&quot;background_background&quot;:&quot;classic&quot;,&quot;content_width&quot;:&quot;boxed&quot;}\">\n\t\t\t\t\t<div class=\"e-con-inner\">\n\t\t<div class=\"elementor-element elementor-element-3318476 animated-slow e-flex e-con-boxed elementor-invisible e-con e-child\" data-id=\"3318476\" data-element_type=\"container\" data-settings=\"{&quot;background_background&quot;:&quot;classic&quot;,&quot;animation&quot;:&quot;fadeIn&quot;,&quot;animation_delay&quot;:800,&quot;content_width&quot;:&quot;boxed&quot;}\">\n\t\t\t\t\t<div class=\"e-con-inner\">\n\t\t\t\t<div class=\"elementor-element elementor-element-206740e9 elementor-widget elementor-widget-image\" data-id=\"206740e9\" data-element_type=\"widget\" data-widget_type=\"image.default\">\n\t\t\t\t<div class=\"elementor-widget-container\">\n\t\t\t\t\t\t\t\t\t\t\t\t\t\t\t<img loading=\"lazy\" decoding=\"async\" width=\"640\" height=\"336\" src=\"https:\/\/incekumtour.com\/wp-content\/uploads\/2023\/09\/new-Hyundai-i20.png\" class=\"attachment-full size-full wp-image-15356\" alt=\"\" srcset=\"https:\/\/incekumtour.com\/wp-content\/uploads\/2023\/09\/new-Hyundai-i20.png 640w, https:\/\/incekumtour.com\/wp-content\/uploads\/2023\/09\/new-Hyundai-i20-300x158.png 300w\" sizes=\"auto, (max-width: 640px) 100vw, 640px\" \/>\t\t\t\t\t\t\t\t\t\t\t\t\t\t\t<\/div>\n\t\t\t\t<\/div>\n\t\t\t\t<div class=\"elementor-element elementor-element-5c06bac4 elementor-widget elementor-widget-heading\" data-id=\"5c06bac4\" data-element_type=\"widget\" data-widget_type=\"heading.default\">\n\t\t\t\t<div class=\"elementor-widget-container\">\n\t\t\t<h3 class=\"elementor-heading-title elementor-size-default\">Hyundai<\/h3>\t\t<\/div>\n\t\t\t\t<\/div>\n\t\t\t\t\t<\/div>\n\t\t\t\t<\/div>\n\t\t\t\t\t<\/div>\n\t\t\t\t<\/div>\n\t\t\t\t\t<\/div>\n\t\t\t\t<\/div>\n\t\t<div class=\"elementor-element elementor-element-582d5aef e-flex e-con-boxed e-con e-child\" data-id=\"582d5aef\" data-element_type=\"container\" data-settings=\"{&quot;content_width&quot;:&quot;boxed&quot;}\">\n\t\t\t\t\t<div class=\"e-con-inner\">\n\t\t<div class=\"elementor-element elementor-element-3909e76b e-flex e-con-boxed e-con e-child\" data-id=\"3909e76b\" data-element_type=\"container\" data-settings=\"{&quot;background_background&quot;:&quot;classic&quot;,&quot;content_width&quot;:&quot;boxed&quot;}\">\n\t\t\t\t\t<div class=\"e-con-inner\">\n\t\t<div class=\"elementor-element elementor-element-444607be animated-slow e-flex e-con-boxed elementor-invisible e-con e-child\" data-id=\"444607be\" data-element_type=\"container\" data-settings=\"{&quot;background_background&quot;:&quot;classic&quot;,&quot;animation&quot;:&quot;fadeIn&quot;,&quot;animation_delay&quot;:600,&quot;content_width&quot;:&quot;boxed&quot;}\">\n\t\t\t\t\t<div class=\"e-con-inner\">\n\t\t\t\t<div class=\"elementor-element elementor-element-4bad8a5c elementor-widget elementor-widget-image\" data-id=\"4bad8a5c\" data-element_type=\"widget\" data-widget_type=\"image.default\">\n\t\t\t\t<div class=\"elementor-widget-container\">\n\t\t\t\t\t\t\t\t\t\t\t\t\t\t\t<img loading=\"lazy\" decoding=\"async\" width=\"1024\" height=\"1024\" src=\"https:\/\/incekumtour.com\/wp-content\/uploads\/2023\/09\/toyota-highlander-hybrid-1-1024x1024.png\" class=\"attachment-large size-large wp-image-15362\" alt=\"\" srcset=\"https:\/\/incekumtour.com\/wp-content\/uploads\/2023\/09\/toyota-highlander-hybrid-1-1024x1024.png 1024w, https:\/\/incekumtour.com\/wp-content\/uploads\/2023\/09\/toyota-highlander-hybrid-1-150x150.png 150w\" sizes=\"auto, (max-width: 1024px) 100vw, 1024px\" \/>\t\t\t\t\t\t\t\t\t\t\t\t\t\t\t<\/div>\n\t\t\t\t<\/div>\n\t\t\t\t<div class=\"elementor-element elementor-element-36c2fa3e elementor-widget elementor-widget-heading\" data-id=\"36c2fa3e\" data-element_type=\"widget\" data-widget_type=\"heading.default\">\n\t\t\t\t<div class=\"elementor-widget-container\">\n\t\t\t<h3 class=\"elementor-heading-title elementor-size-default\">Toyota<\/h3>\t\t<\/div>\n\t\t\t\t<\/div>\n\t\t\t\t\t<\/div>\n\t\t\t\t<\/div>\n\t\t\t\t\t<\/div>\n\t\t\t\t<\/div>\n\t\t<div class=\"elementor-element elementor-element-53e1f168 e-flex e-con-boxed e-con e-child\" data-id=\"53e1f168\" data-element_type=\"container\" data-settings=\"{&quot;background_background&quot;:&quot;classic&quot;,&quot;content_width&quot;:&quot;boxed&quot;}\">\n\t\t\t\t\t<div class=\"e-con-inner\">\n\t\t<div class=\"elementor-element elementor-element-6a483191 animated-slow e-flex e-con-boxed elementor-invisible e-con e-child\" data-id=\"6a483191\" data-element_type=\"container\" data-settings=\"{&quot;background_background&quot;:&quot;classic&quot;,&quot;animation&quot;:&quot;fadeIn&quot;,&quot;animation_delay&quot;:800,&quot;content_width&quot;:&quot;boxed&quot;}\">\n\t\t\t\t\t<div class=\"e-con-inner\">\n\t\t\t\t<div class=\"elementor-element elementor-element-29987ea5 elementor-widget elementor-widget-image\" data-id=\"29987ea5\" data-element_type=\"widget\" data-widget_type=\"image.default\">\n\t\t\t\t<div class=\"elementor-widget-container\">\n\t\t\t\t\t\t\t\t\t\t\t\t\t\t\t<img loading=\"lazy\" decoding=\"async\" width=\"1024\" height=\"1024\" src=\"https:\/\/incekumtour.com\/wp-content\/uploads\/2023\/09\/bmw-1024x1024.png\" class=\"attachment-large size-large wp-image-15365\" alt=\"\" srcset=\"https:\/\/incekumtour.com\/wp-content\/uploads\/2023\/09\/bmw-1024x1024.png 1024w, https:\/\/incekumtour.com\/wp-content\/uploads\/2023\/09\/bmw-150x150.png 150w\" sizes=\"auto, (max-width: 1024px) 100vw, 1024px\" \/>\t\t\t\t\t\t\t\t\t\t\t\t\t\t\t<\/div>\n\t\t\t\t<\/div>\n\t\t\t\t<div class=\"elementor-element elementor-element-374dce06 elementor-widget elementor-widget-heading\" data-id=\"374dce06\" data-element_type=\"widget\" data-widget_type=\"heading.default\">\n\t\t\t\t<div class=\"elementor-widget-container\">\n\t\t\t<h3 class=\"elementor-heading-title elementor-size-default\">Bmw<\/h3>\t\t<\/div>\n\t\t\t\t<\/div>\n\t\t\t\t\t<\/div>\n\t\t\t\t<\/div>\n\t\t\t\t\t<\/div>\n\t\t\t\t<\/div>\n\t\t<div class=\"elementor-element elementor-element-264ff7a8 e-flex e-con-boxed e-con e-child\" data-id=\"264ff7a8\" data-element_type=\"container\" data-settings=\"{&quot;background_background&quot;:&quot;classic&quot;,&quot;content_width&quot;:&quot;boxed&quot;}\">\n\t\t\t\t\t<div class=\"e-con-inner\">\n\t\t<div class=\"elementor-element elementor-element-5ace5a28 animated-slow e-flex e-con-boxed elementor-invisible e-con e-child\" data-id=\"5ace5a28\" data-element_type=\"container\" data-settings=\"{&quot;background_background&quot;:&quot;classic&quot;,&quot;animation&quot;:&quot;fadeIn&quot;,&quot;animation_delay&quot;:1000,&quot;content_width&quot;:&quot;boxed&quot;}\">\n\t\t\t\t\t<div class=\"e-con-inner\">\n\t\t\t\t<div class=\"elementor-element elementor-element-4b2af15b elementor-widget elementor-widget-image\" data-id=\"4b2af15b\" data-element_type=\"widget\" data-widget_type=\"image.default\">\n\t\t\t\t<div class=\"elementor-widget-container\">\n\t\t\t\t\t\t\t\t\t\t\t\t\t\t\t<img loading=\"lazy\" decoding=\"async\" width=\"1024\" height=\"1024\" src=\"https:\/\/incekumtour.com\/wp-content\/uploads\/2023\/09\/Mercedes-Benz-AMG-GT63-1024x1024.png\" class=\"attachment-large size-large wp-image-15368\" alt=\"\" srcset=\"https:\/\/incekumtour.com\/wp-content\/uploads\/2023\/09\/Mercedes-Benz-AMG-GT63-1024x1024.png 1024w, https:\/\/incekumtour.com\/wp-content\/uploads\/2023\/09\/Mercedes-Benz-AMG-GT63-150x150.png 150w\" sizes=\"auto, (max-width: 1024px) 100vw, 1024px\" \/>\t\t\t\t\t\t\t\t\t\t\t\t\t\t\t<\/div>\n\t\t\t\t<\/div>\n\t\t\t\t<div class=\"elementor-element elementor-element-75d95505 elementor-widget elementor-widget-heading\" data-id=\"75d95505\" data-element_type=\"widget\" data-widget_type=\"heading.default\">\n\t\t\t\t<div class=\"elementor-widget-container\">\n\t\t\t<h3 class=\"elementor-heading-title elementor-size-default\">Mercedes<\/h3>\t\t<\/div>\n\t\t\t\t<\/div>\n\t\t\t\t\t<\/div>\n\t\t\t\t<\/div>\n\t\t\t\t\t<\/div>\n\t\t\t\t<\/div>\n\t\t\t\t\t<\/div>\n\t\t\t\t<\/div>\n\t\t\t\t<\/div>\n\t\t<div class=\"elementor-element elementor-element-330c008 e-flex e-con-boxed e-con e-parent\" data-id=\"330c008\" data-element_type=\"container\" data-settings=\"{&quot;content_width&quot;:&quot;boxed&quot;}\" data-core-v316-plus=\"true\">\n\t\t\t\t\t<div class=\"e-con-inner\">\n\t\t<div class=\"elementor-element elementor-element-6bca817 e-flex e-con-boxed e-con e-child\" data-id=\"6bca817\" data-element_type=\"container\" data-settings=\"{&quot;content_width&quot;:&quot;boxed&quot;}\">\n\t\t\t\t\t<div class=\"e-con-inner\">\n\t\t\t\t<div class=\"elementor-element elementor-element-293bcc4 elementor-widget elementor-widget-heading\" data-id=\"293bcc4\" data-element_type=\"widget\" data-widget_type=\"heading.default\">\n\t\t\t\t<div class=\"elementor-widget-container\">\n\t\t\t<h2 class=\"elementor-heading-title elementor-size-default\">Fahren Sie Ihre ideale Reise | Von Egea bis Mercedes<\/h2>\t\t<\/div>\n\t\t\t\t<\/div>\n\t\t\t\t<div class=\"elementor-element elementor-element-dd6a546 elementor-widget elementor-widget-heading\" data-id=\"dd6a546\" data-element_type=\"widget\" data-widget_type=\"heading.default\">\n\t\t\t\t<div class=\"elementor-widget-container\">\n\t\t\t<div class=\"elementor-heading-title elementor-size-default\">Entdecken Sie das ideale Fahrerlebnis mit unserer vielf\u00e4ltigen Flotte. Egal, ob Sie einen Tagesausflug machen, eine einw\u00f6chige Reise unternehmen oder eine einmonatige Miete ben\u00f6tigen, wir haben das perfekte Auto f\u00fcr Ihre Bed\u00fcrfnisse. Vom eleganten Egea bis zum luxuri\u00f6sen Mercedes beginnt Ihre Reise hier. Buchen Sie noch heute und machen Sie den Unterschied.<\/div>\t\t<\/div>\n\t\t\t\t<\/div>\n\t\t\t\t\t<\/div>\n\t\t\t\t<\/div>\n\t\t\t\t\t<\/div>\n\t\t\t\t<\/div>\n\t\t<div class=\"elementor-element elementor-element-28f4316 e-flex e-con-boxed e-con e-parent\" data-id=\"28f4316\" data-element_type=\"container\" data-settings=\"{&quot;content_width&quot;:&quot;boxed&quot;}\" data-core-v316-plus=\"true\">\n\t\t\t\t\t<div class=\"e-con-inner\">\n\t\t<div class=\"elementor-element elementor-element-53293a2 e-flex e-con-boxed e-con e-child\" data-id=\"53293a2\" data-element_type=\"container\" data-settings=\"{&quot;content_width&quot;:&quot;boxed&quot;}\">\n\t\t\t\t\t<div class=\"e-con-inner\">\n\t\t\t\t<div class=\"elementor-element elementor-element-f26086c elementor-widget elementor-widget-heading\" data-id=\"f26086c\" data-element_type=\"widget\" data-widget_type=\"heading.default\">\n\t\t\t\t<div class=\"elementor-widget-container\">\n\t\t\t<h2 class=\"elementor-heading-title elementor-size-default\">Vorteile der Anmietung eines Autos<\/h2>\t\t<\/div>\n\t\t\t\t<\/div>\n\t\t\t\t<div class=\"elementor-element elementor-element-6dec1b1 elementor-widget elementor-widget-heading\" data-id=\"6dec1b1\" data-element_type=\"widget\" data-widget_type=\"heading.default\">\n\t\t\t\t<div class=\"elementor-widget-container\">\n\t\t\t<div class=\"elementor-heading-title elementor-size-default\"><p>Ein Auto zu mieten bietet Flexibilit\u00e4t und Freiheit auf Reisen oder im Alltag. Hier sind einige der Hauptvorteile der Anmietung eines Autos:<\/p><ul><li><p><strong>Flexibilit\u00e4t:<\/strong> Wenn Sie ein Auto mieten, haben Sie v\u00f6llige Bewegungsfreiheit, insbesondere wenn Sie im Urlaub sind oder beruflich in einer anderen Stadt sind. Sie k\u00f6nnen dorthin fahren, wohin Sie wollen, ohne auf ein Taxi warten oder sich auf die Fahrpl\u00e4ne der \u00f6ffentlichen Verkehrsmittel verlassen zu m\u00fcssen.<\/p><\/li><li><p><strong>Wirtschaftliche L\u00f6sung:<\/strong> Die Langzeitmiete eines Autos ist eine wirtschaftliche Option, insbesondere wenn Sie nicht vorhaben, ein Auto zu kaufen. Sie zahlen nur f\u00fcr den Mietzeitraum, ohne zus\u00e4tzliche Kosten wie Wartung, Steuern oder Versicherung.<\/p><\/li><li><p><strong>Vielfalt:<\/strong> Autovermietungen bieten in der Regel eine gro\u00dfe Auswahl an Fahrzeugen an. Ganz gleich, ob Sie ein g\u00fcnstiges Modell oder ein Luxusauto suchen, Sie k\u00f6nnen ein Fahrzeug finden, das Ihren Bed\u00fcrfnissen und Ihrem Budget entspricht.<\/p><\/li><li><p><strong>Sicherheit:<\/strong> Seri\u00f6se Autovermietungsfirmen stellen regelm\u00e4\u00dfig gewartete und gewartete Fahrzeuge zur Verf\u00fcgung, die Sicherheit und Zuverl\u00e4ssigkeit gew\u00e4hrleisten.<\/p><\/li><li><p><strong>Komfort:<\/strong> F\u00fcr lange Reisen k\u00f6nnen Sie sich f\u00fcr ein komfortableres und ger\u00e4umigeres Auto entscheiden, f\u00fcr kurze Stadtrundfahrten k\u00f6nnen Sie sich f\u00fcr ein sparsameres und kompakteres Fahrzeug entscheiden. So erhalten Sie f\u00fcr jede Situation den richtigen Komfort.<\/p><\/li><\/ul><p>Dank dieser Vorteile, die Ihnen die Autovermietung bietet, k\u00f6nnen Sie sich auf Ihren Reisen und im Alltag frei bewegen und das Fahrzeug ausw\u00e4hlen, das am besten zu Ihrem Budget und Ihren Bed\u00fcrfnissen passt.<\/p><\/div>\t\t<\/div>\n\t\t\t\t<\/div>\n\t\t\t\t\t<\/div>\n\t\t\t\t<\/div>\n\t\t\t\t\t<\/div>\n\t\t\t\t<\/div>\n\t\t\t\t\t\t\t<\/div>\n\t\t","protected":false},"excerpt":{"rendered":"<p>Autovermietung mit den besten Modellen Dacia Egea Hyundai Toyota Bmw Mercedes Fahren Sie Ihre ideale Reise | Von Egea bis Mercedes Entdecken Sie das ideale Fahrerlebnis mit unserer vielf\u00e4ltigen Flotte. Egal, ob Sie einen Tagesausflug machen, eine einw\u00f6chige Reise unternehmen oder eine einmonatige Miete ben\u00f6tigen, wir haben das perfekte Auto f\u00fcr Ihre Bed\u00fcrfnisse. Vom eleganten [&hellip;]<\/p>\n","protected":false},"author":1,"featured_media":0,"parent":0,"menu_order":0,"comment_status":"closed","ping_status":"closed","template":"template-blank.php","meta":{"footnotes":""},"class_list":["post-15594","page","type-page","status-publish","has-post-thumbnail","hentry"],"_links":{"self":[{"href":"https:\/\/incekumtour.com\/de\/wp-json\/wp\/v2\/pages\/15594","targetHints":{"allow":["GET"]}}],"collection":[{"href":"https:\/\/incekumtour.com\/de\/wp-json\/wp\/v2\/pages"}],"about":[{"href":"https:\/\/incekumtour.com\/de\/wp-json\/wp\/v2\/types\/page"}],"author":[{"embeddable":true,"href":"https:\/\/incekumtour.com\/de\/wp-json\/wp\/v2\/users\/1"}],"replies":[{"embeddable":true,"href":"https:\/\/incekumtour.com\/de\/wp-json\/wp\/v2\/comments?post=15594"}],"version-history":[{"count":6,"href":"https:\/\/incekumtour.com\/de\/wp-json\/wp\/v2\/pages\/15594\/revisions"}],"predecessor-version":[{"id":15603,"href":"https:\/\/incekumtour.com\/de\/wp-json\/wp\/v2\/pages\/15594\/revisions\/15603"}],"wp:attachment":[{"href":"https:\/\/incekumtour.com\/de\/wp-json\/wp\/v2\/media?parent=15594"}],"curies":[{"name":"wp","href":"https:\/\/api.w.org\/{rel}","templated":true}]}}