{"id":15590,"date":"2023-09-28T17:28:55","date_gmt":"2023-09-28T16:28:55","guid":{"rendered":"https:\/\/incekumtour.com\/nieruchomosci\/"},"modified":"2023-10-12T12:35:10","modified_gmt":"2023-10-12T11:35:10","slug":"nieruchomosci","status":"publish","type":"page","link":"https:\/\/incekumtour.com\/pl\/nieruchomosci\/","title":{"rendered":"Nieruchomo\u015bci"},"content":{"rendered":"\t\t<div data-elementor-type=\"wp-page\" data-elementor-id=\"15590\" class=\"elementor elementor-15590 elementor-14684\">\n\t\t\t\t\t\t\t<div class=\"elementor-element elementor-element-9b3adb1 e-flex e-con-boxed e-con e-parent\" data-id=\"9b3adb1\" data-element_type=\"container\" data-settings=\"{&quot;content_width&quot;:&quot;boxed&quot;}\" data-core-v316-plus=\"true\">\n\t\t\t\t\t<div class=\"e-con-inner\">\n\t\t<div class=\"elementor-element elementor-element-724b073 e-flex e-con-boxed e-con e-child\" data-id=\"724b073\" data-element_type=\"container\" data-settings=\"{&quot;content_width&quot;:&quot;boxed&quot;}\">\n\t\t\t\t\t<div class=\"e-con-inner\">\n\t\t\t\t<div class=\"elementor-element elementor-element-5ea03cf elementor-hidden-tablet elementor-hidden-mobile elementor-widget elementor-widget-spacer\" data-id=\"5ea03cf\" data-element_type=\"widget\" data-widget_type=\"spacer.default\">\n\t\t\t\t<div class=\"elementor-widget-container\">\n\t\t\t<style>\/*! elementor - v3.17.0 - 08-11-2023 *\/\n.elementor-column .elementor-spacer-inner{height:var(--spacer-size)}.e-con{--container-widget-width:100%}.e-con-inner>.elementor-widget-spacer,.e-con>.elementor-widget-spacer{width:var(--container-widget-width,var(--spacer-size));--align-self:var(--container-widget-align-self,initial);--flex-shrink:0}.e-con-inner>.elementor-widget-spacer>.elementor-widget-container,.e-con>.elementor-widget-spacer>.elementor-widget-container{height:100%;width:100%}.e-con-inner>.elementor-widget-spacer>.elementor-widget-container>.elementor-spacer,.e-con>.elementor-widget-spacer>.elementor-widget-container>.elementor-spacer{height:100%}.e-con-inner>.elementor-widget-spacer>.elementor-widget-container>.elementor-spacer>.elementor-spacer-inner,.e-con>.elementor-widget-spacer>.elementor-widget-container>.elementor-spacer>.elementor-spacer-inner{height:var(--container-widget-height,var(--spacer-size))}.e-con-inner>.elementor-widget-spacer.elementor-widget-empty,.e-con>.elementor-widget-spacer.elementor-widget-empty{position:relative;min-height:22px;min-width:22px}.e-con-inner>.elementor-widget-spacer.elementor-widget-empty .elementor-widget-empty-icon,.e-con>.elementor-widget-spacer.elementor-widget-empty .elementor-widget-empty-icon{position:absolute;top:0;bottom:0;left:0;right:0;margin:auto;padding:0;width:22px;height:22px}<\/style>\t\t<div class=\"elementor-spacer\">\n\t\t\t<div class=\"elementor-spacer-inner\"><\/div>\n\t\t<\/div>\n\t\t\t\t<\/div>\n\t\t\t\t<\/div>\n\t\t\t\t<div class=\"elementor-element elementor-element-22e0c89 elementor-widget elementor-widget-image\" data-id=\"22e0c89\" data-element_type=\"widget\" data-widget_type=\"image.default\">\n\t\t\t\t<div class=\"elementor-widget-container\">\n\t\t\t<style>\/*! elementor - v3.17.0 - 08-11-2023 *\/\n.elementor-widget-image{text-align:center}.elementor-widget-image a{display:inline-block}.elementor-widget-image a img[src$=\".svg\"]{width:48px}.elementor-widget-image img{vertical-align:middle;display:inline-block}<\/style>\t\t\t\t\t\t\t\t\t\t\t\t<img decoding=\"async\" src=\"https:\/\/incekumtour.com\/wp-content\/uploads\/2023\/09\/real-estate2.png\" title=\"real estate2\" alt=\"real estate2\" loading=\"lazy\" \/>\t\t\t\t\t\t\t\t\t\t\t\t\t\t\t<\/div>\n\t\t\t\t<\/div>\n\t\t\t\t\t<\/div>\n\t\t\t\t<\/div>\n\t\t\t\t\t<\/div>\n\t\t\t\t<\/div>\n\t\t<div class=\"elementor-element elementor-element-330c008 e-flex e-con-boxed e-con e-parent\" data-id=\"330c008\" data-element_type=\"container\" data-settings=\"{&quot;content_width&quot;:&quot;boxed&quot;}\" data-core-v316-plus=\"true\">\n\t\t\t\t\t<div class=\"e-con-inner\">\n\t\t\t\t<div class=\"elementor-element elementor-element-293bcc4 elementor-widget elementor-widget-heading\" data-id=\"293bcc4\" data-element_type=\"widget\" data-widget_type=\"heading.default\">\n\t\t\t\t<div class=\"elementor-widget-container\">\n\t\t\t<style>\/*! elementor - v3.17.0 - 08-11-2023 *\/\n.elementor-heading-title{padding:0;margin:0;line-height:1}.elementor-widget-heading .elementor-heading-title[class*=elementor-size-]>a{color:inherit;font-size:inherit;line-height:inherit}.elementor-widget-heading .elementor-heading-title.elementor-size-small{font-size:15px}.elementor-widget-heading .elementor-heading-title.elementor-size-medium{font-size:19px}.elementor-widget-heading .elementor-heading-title.elementor-size-large{font-size:29px}.elementor-widget-heading .elementor-heading-title.elementor-size-xl{font-size:39px}.elementor-widget-heading .elementor-heading-title.elementor-size-xxl{font-size:59px}<\/style><h1 class=\"elementor-heading-title elementor-size-default\"><strong>Kompleksowe Rozwi\u0105zania Nieruchomo\u015bciowe<\/strong><\/h1>\t\t<\/div>\n\t\t\t\t<\/div>\n\t\t\t\t\t<\/div>\n\t\t\t\t<\/div>\n\t\t<div class=\"elementor-element elementor-element-cd5f2d3 e-flex e-con-boxed e-con e-parent\" data-id=\"cd5f2d3\" data-element_type=\"container\" data-settings=\"{&quot;content_width&quot;:&quot;boxed&quot;}\" data-core-v316-plus=\"true\">\n\t\t\t\t\t<div class=\"e-con-inner\">\n\t\t<div class=\"elementor-element elementor-element-ce455ce e-con-full e-flex e-con e-child\" data-id=\"ce455ce\" data-element_type=\"container\" data-settings=\"{&quot;content_width&quot;:&quot;full&quot;}\">\n\t\t\t\t<div class=\"elementor-element elementor-element-dd6a546 elementor-widget elementor-widget-heading\" data-id=\"dd6a546\" data-element_type=\"widget\" data-widget_type=\"heading.default\">\n\t\t\t\t<div class=\"elementor-widget-container\">\n\t\t\t<div class=\"elementor-heading-title elementor-size-default\">Kompleksowe Rozwi\u0105zania Nieruchomo\u015bciowe Od nowoczesnych apartament\u00f3w po luksusowe wille, strategiczne dzia\u0142ki po hotele, \u015bwiadczymy us\u0142ugi zar\u00f3wno w zakresie kr\u00f3tko- jak i d\u0142ugoterminowych wynajm\u00f3w oraz us\u0142ug sprzeda\u017cy. Niezale\u017cnie od tego, czy szukasz noclegu na jedn\u0105 noc czy inwestycji, jeste\u015bmy zobowi\u0105zani do zapewnienia dla Ciebie idealnego rozwi\u0105zania. Dzi\u0119ki naszemu do\u015bwiadczeniu i profesjonalnemu zespo\u0142owi zapewniamy Ci doskona\u0142e do\u015bwiadczenie w bran\u017cy nieruchomo\u015bci.<\/div>\t\t<\/div>\n\t\t\t\t<\/div>\n\t\t\t\t<\/div>\n\t\t<div class=\"elementor-element elementor-element-6b43c11 e-con-full e-flex e-con e-child\" data-id=\"6b43c11\" data-element_type=\"container\" data-settings=\"{&quot;content_width&quot;:&quot;full&quot;}\">\n\t\t\t\t<div class=\"elementor-element elementor-element-18dfe58 elementor-align-left elementor-icon-list--layout-traditional elementor-list-item-link-full_width elementor-widget elementor-widget-icon-list\" data-id=\"18dfe58\" data-element_type=\"widget\" data-widget_type=\"icon-list.default\">\n\t\t\t\t<div class=\"elementor-widget-container\">\n\t\t\t<link rel=\"stylesheet\" href=\"https:\/\/incekumtour.com\/wp-content\/uploads\/elementor\/css\/custom-widget-icon-list.min.css?ver=1741197428\">\t\t<ul class=\"elementor-icon-list-items\">\n\t\t\t\t\t\t\t<li class=\"elementor-icon-list-item\">\n\t\t\t\t\t\t\t\t\t\t\t<span class=\"elementor-icon-list-icon\">\n\t\t\t\t\t\t\t<svg aria-hidden=\"true\" class=\"e-font-icon-svg e-fas-clipboard-check\" viewBox=\"0 0 384 512\" xmlns=\"http:\/\/www.w3.org\/2000\/svg\"><path d=\"M336 64h-80c0-35.3-28.7-64-64-64s-64 28.7-64 64H48C21.5 64 0 85.5 0 112v352c0 26.5 21.5 48 48 48h288c26.5 0 48-21.5 48-48V112c0-26.5-21.5-48-48-48zM192 40c13.3 0 24 10.7 24 24s-10.7 24-24 24-24-10.7-24-24 10.7-24 24-24zm121.2 231.8l-143 141.8c-4.7 4.7-12.3 4.6-17-.1l-82.6-83.3c-4.7-4.7-4.6-12.3.1-17L99.1 285c4.7-4.7 12.3-4.6 17 .1l46 46.4 106-105.2c4.7-4.7 12.3-4.6 17 .1l28.2 28.4c4.7 4.8 4.6 12.3-.1 17z\"><\/path><\/svg>\t\t\t\t\t\t<\/span>\n\t\t\t\t\t\t\t\t\t\t<span class=\"elementor-icon-list-text\">Mieszkania na sprzeda\u017c i elastyczne opcje wynajmu<\/span>\n\t\t\t\t\t\t\t\t\t<\/li>\n\t\t\t\t\t\t\t\t<li class=\"elementor-icon-list-item\">\n\t\t\t\t\t\t\t\t\t\t\t<span class=\"elementor-icon-list-icon\">\n\t\t\t\t\t\t\t<svg aria-hidden=\"true\" class=\"e-font-icon-svg e-fas-clipboard-check\" viewBox=\"0 0 384 512\" xmlns=\"http:\/\/www.w3.org\/2000\/svg\"><path d=\"M336 64h-80c0-35.3-28.7-64-64-64s-64 28.7-64 64H48C21.5 64 0 85.5 0 112v352c0 26.5 21.5 48 48 48h288c26.5 0 48-21.5 48-48V112c0-26.5-21.5-48-48-48zM192 40c13.3 0 24 10.7 24 24s-10.7 24-24 24-24-10.7-24-24 10.7-24 24-24zm121.2 231.8l-143 141.8c-4.7 4.7-12.3 4.6-17-.1l-82.6-83.3c-4.7-4.7-4.6-12.3.1-17L99.1 285c4.7-4.7 12.3-4.6 17 .1l46 46.4 106-105.2c4.7-4.7 12.3-4.6 17 .1l28.2 28.4c4.7 4.8 4.6 12.3-.1 17z\"><\/path><\/svg>\t\t\t\t\t\t<\/span>\n\t\t\t\t\t\t\t\t\t\t<span class=\"elementor-icon-list-text\">Resistanz Sprzeda\u017c i Elastyczne Opcje Wynajmu<\/span>\n\t\t\t\t\t\t\t\t\t<\/li>\n\t\t\t\t\t\t\t\t<li class=\"elementor-icon-list-item\">\n\t\t\t\t\t\t\t\t\t\t\t<span class=\"elementor-icon-list-icon\">\n\t\t\t\t\t\t\t<svg aria-hidden=\"true\" class=\"e-font-icon-svg e-fas-clipboard-check\" viewBox=\"0 0 384 512\" xmlns=\"http:\/\/www.w3.org\/2000\/svg\"><path d=\"M336 64h-80c0-35.3-28.7-64-64-64s-64 28.7-64 64H48C21.5 64 0 85.5 0 112v352c0 26.5 21.5 48 48 48h288c26.5 0 48-21.5 48-48V112c0-26.5-21.5-48-48-48zM192 40c13.3 0 24 10.7 24 24s-10.7 24-24 24-24-10.7-24-24 10.7-24 24-24zm121.2 231.8l-143 141.8c-4.7 4.7-12.3 4.6-17-.1l-82.6-83.3c-4.7-4.7-4.6-12.3.1-17L99.1 285c4.7-4.7 12.3-4.6 17 .1l46 46.4 106-105.2c4.7-4.7 12.3-4.6 17 .1l28.2 28.4c4.7 4.8 4.6 12.3-.1 17z\"><\/path><\/svg>\t\t\t\t\t\t<\/span>\n\t\t\t\t\t\t\t\t\t\t<span class=\"elementor-icon-list-text\">Sprzeda\u017c willi i elastyczne opcje wynajmu<\/span>\n\t\t\t\t\t\t\t\t\t<\/li>\n\t\t\t\t\t\t\t\t<li class=\"elementor-icon-list-item\">\n\t\t\t\t\t\t\t\t\t\t\t<span class=\"elementor-icon-list-icon\">\n\t\t\t\t\t\t\t<svg aria-hidden=\"true\" class=\"e-font-icon-svg e-fas-clipboard-check\" viewBox=\"0 0 384 512\" xmlns=\"http:\/\/www.w3.org\/2000\/svg\"><path d=\"M336 64h-80c0-35.3-28.7-64-64-64s-64 28.7-64 64H48C21.5 64 0 85.5 0 112v352c0 26.5 21.5 48 48 48h288c26.5 0 48-21.5 48-48V112c0-26.5-21.5-48-48-48zM192 40c13.3 0 24 10.7 24 24s-10.7 24-24 24-24-10.7-24-24 10.7-24 24-24zm121.2 231.8l-143 141.8c-4.7 4.7-12.3 4.6-17-.1l-82.6-83.3c-4.7-4.7-4.6-12.3.1-17L99.1 285c4.7-4.7 12.3-4.6 17 .1l46 46.4 106-105.2c4.7-4.7 12.3-4.6 17 .1l28.2 28.4c4.7 4.8 4.6 12.3-.1 17z\"><\/path><\/svg>\t\t\t\t\t\t<\/span>\n\t\t\t\t\t\t\t\t\t\t<span class=\"elementor-icon-list-text\">Dzia\u0142ka na sprzeda\u017c<\/span>\n\t\t\t\t\t\t\t\t\t<\/li>\n\t\t\t\t\t\t\t\t<li class=\"elementor-icon-list-item\">\n\t\t\t\t\t\t\t\t\t\t\t<span class=\"elementor-icon-list-icon\">\n\t\t\t\t\t\t\t<svg aria-hidden=\"true\" class=\"e-font-icon-svg e-fas-clipboard-check\" viewBox=\"0 0 384 512\" xmlns=\"http:\/\/www.w3.org\/2000\/svg\"><path d=\"M336 64h-80c0-35.3-28.7-64-64-64s-64 28.7-64 64H48C21.5 64 0 85.5 0 112v352c0 26.5 21.5 48 48 48h288c26.5 0 48-21.5 48-48V112c0-26.5-21.5-48-48-48zM192 40c13.3 0 24 10.7 24 24s-10.7 24-24 24-24-10.7-24-24 10.7-24 24-24zm121.2 231.8l-143 141.8c-4.7 4.7-12.3 4.6-17-.1l-82.6-83.3c-4.7-4.7-4.6-12.3.1-17L99.1 285c4.7-4.7 12.3-4.6 17 .1l46 46.4 106-105.2c4.7-4.7 12.3-4.6 17 .1l28.2 28.4c4.7 4.8 4.6 12.3-.1 17z\"><\/path><\/svg>\t\t\t\t\t\t<\/span>\n\t\t\t\t\t\t\t\t\t\t<span class=\"elementor-icon-list-text\">Sprzeda\u017c hoteli i elastyczne opcje wynajmu<\/span>\n\t\t\t\t\t\t\t\t\t<\/li>\n\t\t\t\t\t\t\t\t<li class=\"elementor-icon-list-item\">\n\t\t\t\t\t\t\t\t\t\t\t<span class=\"elementor-icon-list-icon\">\n\t\t\t\t\t\t\t<svg aria-hidden=\"true\" class=\"e-font-icon-svg e-fas-clipboard-check\" viewBox=\"0 0 384 512\" xmlns=\"http:\/\/www.w3.org\/2000\/svg\"><path d=\"M336 64h-80c0-35.3-28.7-64-64-64s-64 28.7-64 64H48C21.5 64 0 85.5 0 112v352c0 26.5 21.5 48 48 48h288c26.5 0 48-21.5 48-48V112c0-26.5-21.5-48-48-48zM192 40c13.3 0 24 10.7 24 24s-10.7 24-24 24-24-10.7-24-24 10.7-24 24-24zm121.2 231.8l-143 141.8c-4.7 4.7-12.3 4.6-17-.1l-82.6-83.3c-4.7-4.7-4.6-12.3.1-17L99.1 285c4.7-4.7 12.3-4.6 17 .1l46 46.4 106-105.2c4.7-4.7 12.3-4.6 17 .1l28.2 28.4c4.7 4.8 4.6 12.3-.1 17z\"><\/path><\/svg>\t\t\t\t\t\t<\/span>\n\t\t\t\t\t\t\t\t\t\t<span class=\"elementor-icon-list-text\">Us\u0142ugi zwi\u0105zane z rezydencj\u0105 i wizami<\/span>\n\t\t\t\t\t\t\t\t\t<\/li>\n\t\t\t\t\t\t<\/ul>\n\t\t\t\t<\/div>\n\t\t\t\t<\/div>\n\t\t\t\t<\/div>\n\t\t\t\t\t<\/div>\n\t\t\t\t<\/div>\n\t\t\t\t<section class=\"elementor-section elementor-top-section elementor-element elementor-element-6a5a94e3 elementor-section-boxed elementor-section-height-default elementor-section-height-default\" data-id=\"6a5a94e3\" data-element_type=\"section\">\n\t\t\t\t\t\t<div class=\"elementor-container elementor-column-gap-default\">\n\t\t\t\t\t<div class=\"elementor-column elementor-col-50 elementor-top-column elementor-element elementor-element-52410987\" data-id=\"52410987\" data-element_type=\"column\">\n\t\t\t<div class=\"elementor-widget-wrap elementor-element-populated\">\n\t\t\t\t\t\t\t\t<div class=\"elementor-element elementor-element-54e053c2 elementor-widget elementor-widget-heading\" data-id=\"54e053c2\" data-element_type=\"widget\" data-widget_type=\"heading.default\">\n\t\t\t\t<div class=\"elementor-widget-container\">\n\t\t\t<h2 class=\"elementor-heading-title elementor-size-default\"><strong>Znajd\u017a swoje wymarzone mieszkanie: Sprzeda\u017c i wynajem dostosowane do Ciebie<\/strong><\/h2>\t\t<\/div>\n\t\t\t\t<\/div>\n\t\t\t\t<div class=\"elementor-element elementor-element-363cb770 elementor-widget elementor-widget-heading\" data-id=\"363cb770\" data-element_type=\"widget\" data-widget_type=\"heading.default\">\n\t\t\t\t<div class=\"elementor-widget-container\">\n\t\t\t<div class=\"elementor-heading-title elementor-size-default\">Jeste\u015bmy tutaj, aby pom\u00f3c Ci znale\u017a\u0107 idealne mieszkanie, kt\u00f3re spe\u0142ni Twoje oczekiwania. Dzi\u0119ki nowoczesnej architekturze, lokalizacjom w najbardziej strategicznych punktach miasta i wysokiej jako\u015bci wyposa\u017ceniu, nasze mieszkania oferuj\u0105 rozwi\u0105zania odpowiednie dla ka\u017cdego bud\u017cetu i potrzeb.<br><br>Dzi\u0119ki naszym wynajmowanym mieszkaniom mo\u017cesz do\u015bwiadczy\u0107 komfortu i bezpiecze\u0144stwa posiadania w\u0142asnego mieszkania zar\u00f3wno na kr\u00f3tki, jak i d\u0142ugi okres. Nasze mieszkania na sprzeda\u017c daj\u0105 Ci mo\u017cliwo\u015b\u0107 kszta\u0142towania swojej przysz\u0142o\u015bci. Wszystkie nasze mieszkania s\u0105 zaprojektowane, aby priorytetem by\u0142o zapewnienie Ci najwy\u017cszego poziomu komfortu i bezpiecze\u0144stwa.<br><br>Dzi\u0119ki naszym do\u015bwiadczonym konsultantom, kt\u00f3rzy b\u0119d\u0105 przy Tobie podczas procesu wyboru mieszkania, przedstawimy Ci najbardziej odpowiednie opcje, zapewniaj\u0105c, \u017ce znajdziesz dom swoich marze\u0144.<\/div>\t\t<\/div>\n\t\t\t\t<\/div>\n\t\t\t\t\t<\/div>\n\t\t<\/div>\n\t\t\t\t<div class=\"elementor-column elementor-col-50 elementor-top-column elementor-element elementor-element-3acbe6d7\" data-id=\"3acbe6d7\" data-element_type=\"column\">\n\t\t\t<div class=\"elementor-widget-wrap elementor-element-populated\">\n\t\t\t\t\t\t\t\t<div class=\"elementor-element elementor-element-5c6b690d elementor-widget elementor-widget-heading\" data-id=\"5c6b690d\" data-element_type=\"widget\" data-widget_type=\"heading.default\">\n\t\t\t\t<div class=\"elementor-widget-container\">\n\t\t\t<h2 class=\"elementor-heading-title elementor-size-default\">Na szczycie luksusu i komfortu: Wille na wynajem i sprzeda\u017c<\/h2>\t\t<\/div>\n\t\t\t\t<\/div>\n\t\t\t\t<div class=\"elementor-element elementor-element-8ba4a4c elementor-widget elementor-widget-heading\" data-id=\"8ba4a4c\" data-element_type=\"widget\" data-widget_type=\"heading.default\">\n\t\t\t\t<div class=\"elementor-widget-container\">\n\t\t\t<div class=\"elementor-heading-title elementor-size-default\"><p>Odkryj nasze wille, gdzie luksus i komfort \u0142\u0105cz\u0105 si\u0119, ukryte w sercu natury i z dala od zgie\u0142ku miasta. Ka\u017cda willa jest starannie zaprojektowana, oferuj\u0105c przestronne ogrody, prywatne baseny oraz wyj\u0105tkowe udogodnienia, tworz\u0105c przestrze\u0144 \u017cyciow\u0105, kt\u00f3ra dodaje warto\u015bci Twojemu \u017cyciu.<\/p><p>Dzi\u0119ki naszym wynajmowanym willom, oferujemy idealn\u0105 opcj\u0119 na kr\u00f3tki wypoczynek lub d\u0142u\u017cszy pobyt. Z drugiej strony, nasze wille na sprzeda\u017c to nie tylko domy, ale r\u00f3wnie\u017c presti\u017cowe okazje inwestycyjne na przysz\u0142o\u015b\u0107.<\/p><p>Nasz do\u015bwiadczony zesp\u00f3\u0142 b\u0119dzie Ci towarzyszy\u0107 podczas wyboru willi, przedstawiaj\u0105c opcje, kt\u00f3re najlepiej odpowiadaj\u0105 Twoim potrzebom i oczekiwaniom, pomagaj\u0105c Ci znale\u017a\u0107 will\u0119 Twoich marze\u0144.<\/p><\/div>\t\t<\/div>\n\t\t\t\t<\/div>\n\t\t\t\t\t<\/div>\n\t\t<\/div>\n\t\t\t\t\t\t\t<\/div>\n\t\t<\/section>\n\t\t\t\t<section class=\"elementor-section elementor-top-section elementor-element elementor-element-611c002 elementor-section-boxed elementor-section-height-default elementor-section-height-default\" data-id=\"611c002\" data-element_type=\"section\">\n\t\t\t\t\t\t<div class=\"elementor-container elementor-column-gap-default\">\n\t\t\t\t\t<div class=\"elementor-column elementor-col-50 elementor-top-column elementor-element elementor-element-7b46c99\" data-id=\"7b46c99\" data-element_type=\"column\">\n\t\t\t<div class=\"elementor-widget-wrap elementor-element-populated\">\n\t\t\t\t\t\t\t\t<div class=\"elementor-element elementor-element-042e7f8 elementor-widget elementor-widget-heading\" data-id=\"042e7f8\" data-element_type=\"widget\" data-widget_type=\"heading.default\">\n\t\t\t\t<div class=\"elementor-widget-container\">\n\t\t\t<h2 class=\"elementor-heading-title elementor-size-default\"><strong>Zanurz si\u0119 w mo\u017cliwo\u015bci inwestycji i wynajmu hotelowego<\/strong><\/h2>\t\t<\/div>\n\t\t\t\t<\/div>\n\t\t\t\t<div class=\"elementor-element elementor-element-d209f73 elementor-widget elementor-widget-heading\" data-id=\"d209f73\" data-element_type=\"widget\" data-widget_type=\"heading.default\">\n\t\t\t\t<div class=\"elementor-widget-container\">\n\t\t\t<div class=\"elementor-heading-title elementor-size-default\">Poznaj nasze hotele, strategicznie po\u0142o\u017cone od centr\u00f3w miast po serce natury. Ka\u017cdy z nich zosta\u0142 zaprojektowany, aby oferowa\u0107 go\u015bciom unikalne do\u015bwiadczenie zakwaterowania. Dzi\u0119ki nowoczesnej architekturze, doskona\u0142ej jako\u015bci obs\u0142udze i niezr\u00f3wnanej lokalizacji, nasze hotele prezentuj\u0105 kusz\u0105ce mo\u017cliwo\u015bci zar\u00f3wno dla inwestor\u00f3w, jak i go\u015bci.<br><br>Nasze hotele dost\u0119pne do wynajmu s\u0105 doskona\u0142e na specjalne wydarzenia, spotkania czy d\u0142ugoterminowe potrzeby zakwaterowania. Dzi\u0119ki naszym hotelom na sprzeda\u017c, otw\u00f3rz drzwi do presti\u017cowej inwestycji w sektorze turystycznym.<br><br>Nasz do\u015bwiadczony zesp\u00f3\u0142 b\u0119dzie przy Tobie na ka\u017cdym etapie procesu wyboru hotelu, identyfikuj\u0105c opcje, kt\u00f3re najlepiej odpowiadaj\u0105 Twoim potrzebom i prowadz\u0105c Ci\u0119 na ka\u017cdym kroku. Skontaktuj si\u0119 z nami, aby odkry\u0107 niezwyk\u0142e mo\u017cliwo\u015bci w \u015bwiecie hotelarstwa.<\/div>\t\t<\/div>\n\t\t\t\t<\/div>\n\t\t\t\t\t<\/div>\n\t\t<\/div>\n\t\t\t\t<div class=\"elementor-column elementor-col-50 elementor-top-column elementor-element elementor-element-0eefe73\" data-id=\"0eefe73\" data-element_type=\"column\">\n\t\t\t<div class=\"elementor-widget-wrap elementor-element-populated\">\n\t\t\t\t\t\t\t\t<div class=\"elementor-element elementor-element-fa12b8d elementor-widget elementor-widget-heading\" data-id=\"fa12b8d\" data-element_type=\"widget\" data-widget_type=\"heading.default\">\n\t\t\t\t<div class=\"elementor-widget-container\">\n\t\t\t<h2 class=\"elementor-heading-title elementor-size-default\"><em>Doskona\u0142a podstawa dla Twojej inwestycji: Dzia\u0142ki na sprzeda\u017c<\/em><\/h2>\t\t<\/div>\n\t\t\t\t<\/div>\n\t\t\t\t<div class=\"elementor-element elementor-element-6139424 elementor-widget elementor-widget-heading\" data-id=\"6139424\" data-element_type=\"widget\" data-widget_type=\"heading.default\">\n\t\t\t\t<div class=\"elementor-widget-container\">\n\t\t\t<div class=\"elementor-heading-title elementor-size-default\"><p>Czy szukasz idealnej dzia\u0142ki, aby zrealizowa\u0107 sw\u00f3j marzycielski projekt? Dost\u0119pne w r\u00f3\u017cnych lokalizacjach, rozmiarach i dostosowane do Twoich potrzeb, oferujemy najlepsz\u0105 podstaw\u0119 dla Twojej inwestycji.<\/p><p>Inwestowanie w ziemi\u0119 to doskona\u0142a okazja do kszta\u0142towania swojej przysz\u0142o\u015bci i posiadania aktywu zwi\u0119kszaj\u0105cego swoj\u0105 warto\u015b\u0107. Niezale\u017cnie od tego, czy to inwestycja indywidualna, czy korporacyjna, nasze dzia\u0142ki maj\u0105 potencja\u0142 do przyj\u0119cia r\u00f3\u017cnego rodzaju projekt\u00f3w, od przestrzeni mieszkaniowych po komercyjne lub rolnicze.<\/p><p>Nasz do\u015bwiadczony zesp\u00f3\u0142 b\u0119dzie Ci\u0119 prowadzi\u0107 w znalezieniu dzia\u0142ki, kt\u00f3ra najlepiej odpowiada Twoim potrzebom, i b\u0119dzie Ci towarzyszy\u0107 przez ca\u0142\u0105 podr\u00f3\u017c zakupow\u0105. Je\u015bli masz na celu zbudowanie mocnych podstaw dla swojej przysz\u0142o\u015bci, zbadaj nasze dost\u0119pne dzia\u0142ki na sprzeda\u017c.<\/p><\/div>\t\t<\/div>\n\t\t\t\t<\/div>\n\t\t\t\t\t<\/div>\n\t\t<\/div>\n\t\t\t\t\t\t\t<\/div>\n\t\t<\/section>\n\t\t\t\t\t\t\t<\/div>\n\t\t","protected":false},"excerpt":{"rendered":"<p>Kompleksowe Rozwi\u0105zania Nieruchomo\u015bciowe Kompleksowe Rozwi\u0105zania Nieruchomo\u015bciowe Od nowoczesnych apartament\u00f3w po luksusowe wille, strategiczne dzia\u0142ki po hotele, \u015bwiadczymy us\u0142ugi zar\u00f3wno w zakresie kr\u00f3tko- jak i d\u0142ugoterminowych wynajm\u00f3w oraz us\u0142ug sprzeda\u017cy. Niezale\u017cnie od tego, czy szukasz noclegu na jedn\u0105 noc czy inwestycji, jeste\u015bmy zobowi\u0105zani do zapewnienia dla Ciebie idealnego rozwi\u0105zania. Dzi\u0119ki naszemu do\u015bwiadczeniu i profesjonalnemu zespo\u0142owi zapewniamy [&hellip;]<\/p>\n","protected":false},"author":1,"featured_media":0,"parent":0,"menu_order":0,"comment_status":"closed","ping_status":"closed","template":"template-blank.php","meta":{"footnotes":""},"class_list":["post-15590","page","type-page","status-publish","has-post-thumbnail","hentry"],"_links":{"self":[{"href":"https:\/\/incekumtour.com\/pl\/wp-json\/wp\/v2\/pages\/15590","targetHints":{"allow":["GET"]}}],"collection":[{"href":"https:\/\/incekumtour.com\/pl\/wp-json\/wp\/v2\/pages"}],"about":[{"href":"https:\/\/incekumtour.com\/pl\/wp-json\/wp\/v2\/types\/page"}],"author":[{"embeddable":true,"href":"https:\/\/incekumtour.com\/pl\/wp-json\/wp\/v2\/users\/1"}],"replies":[{"embeddable":true,"href":"https:\/\/incekumtour.com\/pl\/wp-json\/wp\/v2\/comments?post=15590"}],"version-history":[{"count":1,"href":"https:\/\/incekumtour.com\/pl\/wp-json\/wp\/v2\/pages\/15590\/revisions"}],"predecessor-version":[{"id":15591,"href":"https:\/\/incekumtour.com\/pl\/wp-json\/wp\/v2\/pages\/15590\/revisions\/15591"}],"wp:attachment":[{"href":"https:\/\/incekumtour.com\/pl\/wp-json\/wp\/v2\/media?parent=15590"}],"curies":[{"name":"wp","href":"https:\/\/api.w.org\/{rel}","templated":true}]}}