{"id":15604,"date":"2023-09-28T20:05:41","date_gmt":"2023-09-28T17:05:41","guid":{"rendered":"https:\/\/incekumtour.com\/wypozyczyc-auto\/"},"modified":"2023-10-12T14:09:03","modified_gmt":"2023-10-12T13:09:03","slug":"wypozyczyc-auto","status":"publish","type":"page","link":"https:\/\/incekumtour.com\/pl\/wypozyczyc-auto\/","title":{"rendered":"Wypo\u017cyczy\u0107 auto"},"content":{"rendered":"\t\t<div data-elementor-type=\"wp-page\" data-elementor-id=\"15604\" class=\"elementor elementor-15604 elementor-14712\">\n\t\t\t\t\t\t\t<div class=\"elementor-element elementor-element-5f42d304 e-con-full e-flex e-con e-parent\" data-id=\"5f42d304\" data-element_type=\"container\" data-settings=\"{&quot;content_width&quot;:&quot;full&quot;,&quot;background_background&quot;:&quot;classic&quot;}\" data-core-v316-plus=\"true\">\n\t\t<div class=\"elementor-element elementor-element-12a6bc94 e-flex e-con-boxed e-con e-child\" data-id=\"12a6bc94\" data-element_type=\"container\" data-settings=\"{&quot;content_width&quot;:&quot;boxed&quot;}\">\n\t\t\t\t\t<div class=\"e-con-inner\">\n\t\t\t\t<div class=\"elementor-element elementor-element-7f5ffcfa elementor-widget__width-initial animated-slow elementor-invisible elementor-widget elementor-widget-heading\" data-id=\"7f5ffcfa\" data-element_type=\"widget\" data-settings=\"{&quot;_animation&quot;:&quot;fadeInDown&quot;}\" data-widget_type=\"heading.default\">\n\t\t\t\t<div class=\"elementor-widget-container\">\n\t\t\t<style>\/*! elementor - v3.17.0 - 08-11-2023 *\/\n.elementor-heading-title{padding:0;margin:0;line-height:1}.elementor-widget-heading .elementor-heading-title[class*=elementor-size-]>a{color:inherit;font-size:inherit;line-height:inherit}.elementor-widget-heading .elementor-heading-title.elementor-size-small{font-size:15px}.elementor-widget-heading .elementor-heading-title.elementor-size-medium{font-size:19px}.elementor-widget-heading .elementor-heading-title.elementor-size-large{font-size:29px}.elementor-widget-heading .elementor-heading-title.elementor-size-xl{font-size:39px}.elementor-widget-heading .elementor-heading-title.elementor-size-xxl{font-size:59px}<\/style><h1 class=\"elementor-heading-title elementor-size-default\">Wynajem samochod\u00f3w z najlepszymi modelami<\/h1>\t\t<\/div>\n\t\t\t\t<\/div>\n\t\t\t\t\t<\/div>\n\t\t\t\t<\/div>\n\t\t<div class=\"elementor-element elementor-element-58cd8efb e-flex e-con-boxed e-con e-child\" data-id=\"58cd8efb\" data-element_type=\"container\" data-settings=\"{&quot;content_width&quot;:&quot;boxed&quot;}\">\n\t\t\t\t\t<div class=\"e-con-inner\">\n\t\t<div class=\"elementor-element elementor-element-70bd1885 e-flex e-con-boxed e-con e-child\" data-id=\"70bd1885\" data-element_type=\"container\" data-settings=\"{&quot;background_background&quot;:&quot;classic&quot;,&quot;content_width&quot;:&quot;boxed&quot;}\">\n\t\t\t\t\t<div class=\"e-con-inner\">\n\t\t<div class=\"elementor-element elementor-element-7f9f09e5 animated-slow e-flex e-con-boxed elementor-invisible e-con e-child\" data-id=\"7f9f09e5\" data-element_type=\"container\" data-settings=\"{&quot;background_background&quot;:&quot;classic&quot;,&quot;animation&quot;:&quot;fadeIn&quot;,&quot;animation_delay&quot;:400,&quot;content_width&quot;:&quot;boxed&quot;}\">\n\t\t\t\t\t<div class=\"e-con-inner\">\n\t\t\t\t<div class=\"elementor-element elementor-element-23fbc225 elementor-widget elementor-widget-image\" data-id=\"23fbc225\" data-element_type=\"widget\" data-widget_type=\"image.default\">\n\t\t\t\t<div class=\"elementor-widget-container\">\n\t\t\t<style>\/*! elementor - v3.17.0 - 08-11-2023 *\/\n.elementor-widget-image{text-align:center}.elementor-widget-image a{display:inline-block}.elementor-widget-image a img[src$=\".svg\"]{width:48px}.elementor-widget-image img{vertical-align:middle;display:inline-block}<\/style>\t\t\t\t\t\t\t\t\t\t\t\t<img loading=\"lazy\" decoding=\"async\" width=\"640\" height=\"360\" src=\"https:\/\/incekumtour.com\/wp-content\/uploads\/2023\/09\/Dacia-duster.jpg\" class=\"attachment-full size-full wp-image-15351\" alt=\"\" srcset=\"https:\/\/incekumtour.com\/wp-content\/uploads\/2023\/09\/Dacia-duster.jpg 640w, https:\/\/incekumtour.com\/wp-content\/uploads\/2023\/09\/Dacia-duster-300x169.jpg 300w\" sizes=\"auto, (max-width: 640px) 100vw, 640px\" \/>\t\t\t\t\t\t\t\t\t\t\t\t\t\t\t<\/div>\n\t\t\t\t<\/div>\n\t\t\t\t<div class=\"elementor-element elementor-element-4b2937ce elementor-widget elementor-widget-heading\" data-id=\"4b2937ce\" data-element_type=\"widget\" data-widget_type=\"heading.default\">\n\t\t\t\t<div class=\"elementor-widget-container\">\n\t\t\t<h3 class=\"elementor-heading-title elementor-size-default\">Dacia<\/h3>\t\t<\/div>\n\t\t\t\t<\/div>\n\t\t\t\t\t<\/div>\n\t\t\t\t<\/div>\n\t\t\t\t\t<\/div>\n\t\t\t\t<\/div>\n\t\t<div class=\"elementor-element elementor-element-319d84d3 e-flex e-con-boxed e-con e-child\" data-id=\"319d84d3\" data-element_type=\"container\" data-settings=\"{&quot;background_background&quot;:&quot;classic&quot;,&quot;content_width&quot;:&quot;boxed&quot;}\">\n\t\t\t\t\t<div class=\"e-con-inner\">\n\t\t<div class=\"elementor-element elementor-element-1d4d39ec animated-slow e-flex e-con-boxed elementor-invisible e-con e-child\" data-id=\"1d4d39ec\" data-element_type=\"container\" data-settings=\"{&quot;background_background&quot;:&quot;classic&quot;,&quot;animation&quot;:&quot;fadeIn&quot;,&quot;animation_delay&quot;:600,&quot;content_width&quot;:&quot;boxed&quot;}\">\n\t\t\t\t\t<div class=\"e-con-inner\">\n\t\t\t\t<div class=\"elementor-element elementor-element-27eca89a elementor-widget elementor-widget-image\" data-id=\"27eca89a\" data-element_type=\"widget\" data-widget_type=\"image.default\">\n\t\t\t\t<div class=\"elementor-widget-container\">\n\t\t\t\t\t\t\t\t\t\t\t\t\t\t\t<img loading=\"lazy\" decoding=\"async\" width=\"606\" height=\"340\" src=\"https:\/\/incekumtour.com\/wp-content\/uploads\/2023\/09\/Fiat-EGEA.jpg\" class=\"attachment-full size-full wp-image-15354\" alt=\"\" srcset=\"https:\/\/incekumtour.com\/wp-content\/uploads\/2023\/09\/Fiat-EGEA.jpg 606w, https:\/\/incekumtour.com\/wp-content\/uploads\/2023\/09\/Fiat-EGEA-300x168.jpg 300w\" sizes=\"auto, (max-width: 606px) 100vw, 606px\" \/>\t\t\t\t\t\t\t\t\t\t\t\t\t\t\t<\/div>\n\t\t\t\t<\/div>\n\t\t\t\t<div class=\"elementor-element elementor-element-142e69b0 elementor-widget elementor-widget-heading\" data-id=\"142e69b0\" data-element_type=\"widget\" data-widget_type=\"heading.default\">\n\t\t\t\t<div class=\"elementor-widget-container\">\n\t\t\t<h3 class=\"elementor-heading-title elementor-size-default\">Egea<\/h3>\t\t<\/div>\n\t\t\t\t<\/div>\n\t\t\t\t\t<\/div>\n\t\t\t\t<\/div>\n\t\t\t\t\t<\/div>\n\t\t\t\t<\/div>\n\t\t<div class=\"elementor-element elementor-element-603bf64f e-flex e-con-boxed e-con e-child\" data-id=\"603bf64f\" data-element_type=\"container\" data-settings=\"{&quot;background_background&quot;:&quot;classic&quot;,&quot;content_width&quot;:&quot;boxed&quot;}\">\n\t\t\t\t\t<div class=\"e-con-inner\">\n\t\t<div class=\"elementor-element elementor-element-3318476 animated-slow e-flex e-con-boxed elementor-invisible e-con e-child\" data-id=\"3318476\" data-element_type=\"container\" data-settings=\"{&quot;background_background&quot;:&quot;classic&quot;,&quot;animation&quot;:&quot;fadeIn&quot;,&quot;animation_delay&quot;:800,&quot;content_width&quot;:&quot;boxed&quot;}\">\n\t\t\t\t\t<div class=\"e-con-inner\">\n\t\t\t\t<div class=\"elementor-element elementor-element-206740e9 elementor-widget elementor-widget-image\" data-id=\"206740e9\" data-element_type=\"widget\" data-widget_type=\"image.default\">\n\t\t\t\t<div class=\"elementor-widget-container\">\n\t\t\t\t\t\t\t\t\t\t\t\t\t\t\t<img loading=\"lazy\" decoding=\"async\" width=\"640\" height=\"336\" src=\"https:\/\/incekumtour.com\/wp-content\/uploads\/2023\/09\/new-Hyundai-i20.png\" class=\"attachment-full size-full wp-image-15357\" alt=\"\" srcset=\"https:\/\/incekumtour.com\/wp-content\/uploads\/2023\/09\/new-Hyundai-i20.png 640w, https:\/\/incekumtour.com\/wp-content\/uploads\/2023\/09\/new-Hyundai-i20-300x158.png 300w\" sizes=\"auto, (max-width: 640px) 100vw, 640px\" \/>\t\t\t\t\t\t\t\t\t\t\t\t\t\t\t<\/div>\n\t\t\t\t<\/div>\n\t\t\t\t<div class=\"elementor-element elementor-element-5c06bac4 elementor-widget elementor-widget-heading\" data-id=\"5c06bac4\" data-element_type=\"widget\" data-widget_type=\"heading.default\">\n\t\t\t\t<div class=\"elementor-widget-container\">\n\t\t\t<h3 class=\"elementor-heading-title elementor-size-default\">Hyundai<\/h3>\t\t<\/div>\n\t\t\t\t<\/div>\n\t\t\t\t\t<\/div>\n\t\t\t\t<\/div>\n\t\t\t\t\t<\/div>\n\t\t\t\t<\/div>\n\t\t\t\t\t<\/div>\n\t\t\t\t<\/div>\n\t\t<div class=\"elementor-element elementor-element-582d5aef e-flex e-con-boxed e-con e-child\" data-id=\"582d5aef\" data-element_type=\"container\" data-settings=\"{&quot;content_width&quot;:&quot;boxed&quot;}\">\n\t\t\t\t\t<div class=\"e-con-inner\">\n\t\t<div class=\"elementor-element elementor-element-3909e76b e-flex e-con-boxed e-con e-child\" data-id=\"3909e76b\" data-element_type=\"container\" data-settings=\"{&quot;background_background&quot;:&quot;classic&quot;,&quot;content_width&quot;:&quot;boxed&quot;}\">\n\t\t\t\t\t<div class=\"e-con-inner\">\n\t\t<div class=\"elementor-element elementor-element-444607be animated-slow e-flex e-con-boxed elementor-invisible e-con e-child\" data-id=\"444607be\" data-element_type=\"container\" data-settings=\"{&quot;background_background&quot;:&quot;classic&quot;,&quot;animation&quot;:&quot;fadeIn&quot;,&quot;animation_delay&quot;:600,&quot;content_width&quot;:&quot;boxed&quot;}\">\n\t\t\t\t\t<div class=\"e-con-inner\">\n\t\t\t\t<div class=\"elementor-element elementor-element-4bad8a5c elementor-widget elementor-widget-image\" data-id=\"4bad8a5c\" data-element_type=\"widget\" data-widget_type=\"image.default\">\n\t\t\t\t<div class=\"elementor-widget-container\">\n\t\t\t\t\t\t\t\t\t\t\t\t\t\t\t<img loading=\"lazy\" decoding=\"async\" width=\"1024\" height=\"1024\" src=\"https:\/\/incekumtour.com\/wp-content\/uploads\/2023\/09\/toyota-highlander-hybrid-1-1024x1024.png\" class=\"attachment-large size-large wp-image-15363\" alt=\"\" srcset=\"https:\/\/incekumtour.com\/wp-content\/uploads\/2023\/09\/toyota-highlander-hybrid-1-1024x1024.png 1024w, https:\/\/incekumtour.com\/wp-content\/uploads\/2023\/09\/toyota-highlander-hybrid-1-150x150.png 150w\" sizes=\"auto, (max-width: 1024px) 100vw, 1024px\" \/>\t\t\t\t\t\t\t\t\t\t\t\t\t\t\t<\/div>\n\t\t\t\t<\/div>\n\t\t\t\t<div class=\"elementor-element elementor-element-36c2fa3e elementor-widget elementor-widget-heading\" data-id=\"36c2fa3e\" data-element_type=\"widget\" data-widget_type=\"heading.default\">\n\t\t\t\t<div class=\"elementor-widget-container\">\n\t\t\t<h3 class=\"elementor-heading-title elementor-size-default\">Toyota<\/h3>\t\t<\/div>\n\t\t\t\t<\/div>\n\t\t\t\t\t<\/div>\n\t\t\t\t<\/div>\n\t\t\t\t\t<\/div>\n\t\t\t\t<\/div>\n\t\t<div class=\"elementor-element elementor-element-53e1f168 e-flex e-con-boxed e-con e-child\" data-id=\"53e1f168\" data-element_type=\"container\" data-settings=\"{&quot;background_background&quot;:&quot;classic&quot;,&quot;content_width&quot;:&quot;boxed&quot;}\">\n\t\t\t\t\t<div class=\"e-con-inner\">\n\t\t<div class=\"elementor-element elementor-element-6a483191 animated-slow e-flex e-con-boxed elementor-invisible e-con e-child\" data-id=\"6a483191\" data-element_type=\"container\" data-settings=\"{&quot;background_background&quot;:&quot;classic&quot;,&quot;animation&quot;:&quot;fadeIn&quot;,&quot;animation_delay&quot;:800,&quot;content_width&quot;:&quot;boxed&quot;}\">\n\t\t\t\t\t<div class=\"e-con-inner\">\n\t\t\t\t<div class=\"elementor-element elementor-element-29987ea5 elementor-widget elementor-widget-image\" data-id=\"29987ea5\" data-element_type=\"widget\" data-widget_type=\"image.default\">\n\t\t\t\t<div class=\"elementor-widget-container\">\n\t\t\t\t\t\t\t\t\t\t\t\t\t\t\t<img loading=\"lazy\" decoding=\"async\" width=\"1024\" height=\"1024\" src=\"https:\/\/incekumtour.com\/wp-content\/uploads\/2023\/09\/bmw-1024x1024.png\" class=\"attachment-large size-large wp-image-15366\" alt=\"\" srcset=\"https:\/\/incekumtour.com\/wp-content\/uploads\/2023\/09\/bmw-1024x1024.png 1024w, https:\/\/incekumtour.com\/wp-content\/uploads\/2023\/09\/bmw-150x150.png 150w\" sizes=\"auto, (max-width: 1024px) 100vw, 1024px\" \/>\t\t\t\t\t\t\t\t\t\t\t\t\t\t\t<\/div>\n\t\t\t\t<\/div>\n\t\t\t\t<div class=\"elementor-element elementor-element-374dce06 elementor-widget elementor-widget-heading\" data-id=\"374dce06\" data-element_type=\"widget\" data-widget_type=\"heading.default\">\n\t\t\t\t<div class=\"elementor-widget-container\">\n\t\t\t<h3 class=\"elementor-heading-title elementor-size-default\">Bmw<\/h3>\t\t<\/div>\n\t\t\t\t<\/div>\n\t\t\t\t\t<\/div>\n\t\t\t\t<\/div>\n\t\t\t\t\t<\/div>\n\t\t\t\t<\/div>\n\t\t<div class=\"elementor-element elementor-element-264ff7a8 e-flex e-con-boxed e-con e-child\" data-id=\"264ff7a8\" data-element_type=\"container\" data-settings=\"{&quot;background_background&quot;:&quot;classic&quot;,&quot;content_width&quot;:&quot;boxed&quot;}\">\n\t\t\t\t\t<div class=\"e-con-inner\">\n\t\t<div class=\"elementor-element elementor-element-5ace5a28 animated-slow e-flex e-con-boxed elementor-invisible e-con e-child\" data-id=\"5ace5a28\" data-element_type=\"container\" data-settings=\"{&quot;background_background&quot;:&quot;classic&quot;,&quot;animation&quot;:&quot;fadeIn&quot;,&quot;animation_delay&quot;:1000,&quot;content_width&quot;:&quot;boxed&quot;}\">\n\t\t\t\t\t<div class=\"e-con-inner\">\n\t\t\t\t<div class=\"elementor-element elementor-element-4b2af15b elementor-widget elementor-widget-image\" data-id=\"4b2af15b\" data-element_type=\"widget\" data-widget_type=\"image.default\">\n\t\t\t\t<div class=\"elementor-widget-container\">\n\t\t\t\t\t\t\t\t\t\t\t\t\t\t\t<img loading=\"lazy\" decoding=\"async\" width=\"1024\" height=\"1024\" src=\"https:\/\/incekumtour.com\/wp-content\/uploads\/2023\/09\/Mercedes-Benz-AMG-GT63-1024x1024.png\" class=\"attachment-large size-large wp-image-15369\" alt=\"\" srcset=\"https:\/\/incekumtour.com\/wp-content\/uploads\/2023\/09\/Mercedes-Benz-AMG-GT63-1024x1024.png 1024w, https:\/\/incekumtour.com\/wp-content\/uploads\/2023\/09\/Mercedes-Benz-AMG-GT63-150x150.png 150w\" sizes=\"auto, (max-width: 1024px) 100vw, 1024px\" \/>\t\t\t\t\t\t\t\t\t\t\t\t\t\t\t<\/div>\n\t\t\t\t<\/div>\n\t\t\t\t<div class=\"elementor-element elementor-element-75d95505 elementor-widget elementor-widget-heading\" data-id=\"75d95505\" data-element_type=\"widget\" data-widget_type=\"heading.default\">\n\t\t\t\t<div class=\"elementor-widget-container\">\n\t\t\t<h3 class=\"elementor-heading-title elementor-size-default\">Mercedes<\/h3>\t\t<\/div>\n\t\t\t\t<\/div>\n\t\t\t\t\t<\/div>\n\t\t\t\t<\/div>\n\t\t\t\t\t<\/div>\n\t\t\t\t<\/div>\n\t\t\t\t\t<\/div>\n\t\t\t\t<\/div>\n\t\t\t\t<\/div>\n\t\t<div class=\"elementor-element elementor-element-330c008 e-flex e-con-boxed e-con e-parent\" data-id=\"330c008\" data-element_type=\"container\" data-settings=\"{&quot;content_width&quot;:&quot;boxed&quot;}\" data-core-v316-plus=\"true\">\n\t\t\t\t\t<div class=\"e-con-inner\">\n\t\t<div class=\"elementor-element elementor-element-6bca817 e-flex e-con-boxed e-con e-child\" data-id=\"6bca817\" data-element_type=\"container\" data-settings=\"{&quot;content_width&quot;:&quot;boxed&quot;}\">\n\t\t\t\t\t<div class=\"e-con-inner\">\n\t\t\t\t<div class=\"elementor-element elementor-element-293bcc4 elementor-widget elementor-widget-heading\" data-id=\"293bcc4\" data-element_type=\"widget\" data-widget_type=\"heading.default\">\n\t\t\t\t<div class=\"elementor-widget-container\">\n\t\t\t<h2 class=\"elementor-heading-title elementor-size-default\">Prowad\u017a swoj\u0105 idealn\u0105 podr\u00f3\u017c | Od Egei do Mercedesa<\/h2>\t\t<\/div>\n\t\t\t\t<\/div>\n\t\t\t\t<div class=\"elementor-element elementor-element-dd6a546 elementor-widget elementor-widget-heading\" data-id=\"dd6a546\" data-element_type=\"widget\" data-widget_type=\"heading.default\">\n\t\t\t\t<div class=\"elementor-widget-container\">\n\t\t\t<div class=\"elementor-heading-title elementor-size-default\">Odkryj idealne wra\u017cenia z jazdy dzi\u0119ki naszej zr\u00f3\u017cnicowanej flocie. Niezale\u017cnie od tego, czy wybierasz si\u0119 na jednodniow\u0105 wycieczk\u0119, tygodniow\u0105 podr\u00f3\u017c, czy te\u017c potrzebujesz miesi\u0119cznego wynajmu, mamy idealny samoch\u00f3d, kt\u00f3ry spe\u0142ni Twoje potrzeby. Od eleganckiej Egei po luksusowego Mercedesa \u2013 Twoja podr\u00f3\u017c zaczyna si\u0119 tutaj. Zarezerwuj ju\u017c dzi\u015b i poczuj r\u00f3\u017cnic\u0119.<\/div>\t\t<\/div>\n\t\t\t\t<\/div>\n\t\t\t\t\t<\/div>\n\t\t\t\t<\/div>\n\t\t\t\t\t<\/div>\n\t\t\t\t<\/div>\n\t\t<div class=\"elementor-element elementor-element-28f4316 e-flex e-con-boxed e-con e-parent\" data-id=\"28f4316\" data-element_type=\"container\" data-settings=\"{&quot;content_width&quot;:&quot;boxed&quot;}\" data-core-v316-plus=\"true\">\n\t\t\t\t\t<div class=\"e-con-inner\">\n\t\t<div class=\"elementor-element elementor-element-53293a2 e-flex e-con-boxed e-con e-child\" data-id=\"53293a2\" data-element_type=\"container\" data-settings=\"{&quot;content_width&quot;:&quot;boxed&quot;}\">\n\t\t\t\t\t<div class=\"e-con-inner\">\n\t\t\t\t<div class=\"elementor-element elementor-element-f26086c elementor-widget elementor-widget-heading\" data-id=\"f26086c\" data-element_type=\"widget\" data-widget_type=\"heading.default\">\n\t\t\t\t<div class=\"elementor-widget-container\">\n\t\t\t<h2 class=\"elementor-heading-title elementor-size-default\">Zalety wynajmu samochodu<\/h2>\t\t<\/div>\n\t\t\t\t<\/div>\n\t\t\t\t<div class=\"elementor-element elementor-element-6dec1b1 elementor-widget elementor-widget-heading\" data-id=\"6dec1b1\" data-element_type=\"widget\" data-widget_type=\"heading.default\">\n\t\t\t\t<div class=\"elementor-widget-container\">\n\t\t\t<div class=\"elementor-heading-title elementor-size-default\"><p>Wynajem samochodu zapewnia elastyczno\u015b\u0107 i swobod\u0119 w podr\u00f3\u017cy lub w \u017cyciu codziennym. Oto niekt\u00f3re z g\u0142\u00f3wnych korzy\u015bci wynajmu samochodu:<\/p><ul><li><p><strong>Elastyczno\u015b\u0107:<\/strong> Wynajem samochodu zapewnia pe\u0142n\u0105 swobod\u0119 poruszania si\u0119, szczeg\u00f3lnie je\u015bli jeste\u015b na wakacjach lub w innym mie\u015bcie do pracy. Mo\u017cesz pojecha\u0107 gdziekolwiek chcesz, bez konieczno\u015bci czekania na taks\u00f3wk\u0119 i korzystania z rozk\u0142ad\u00f3w jazdy komunikacji miejskiej.<\/p><\/li><li><p><strong>Ekonomiczne rozwi\u0105zanie:<\/strong> D\u0142ugoterminowy wynajem samochodu to ekonomiczna opcja, zw\u0142aszcza je\u015bli nie planujesz zakupu samochodu. P\u0142acisz tylko za okres wynajmu, bez \u017cadnych dodatkowych koszt\u00f3w, takich jak konserwacja, podatki czy ubezpieczenie.<\/p><\/li><li><p><strong>R\u00f3\u017cnorodno\u015b\u0107:<\/strong> Us\u0142ugi wynajmu samochod\u00f3w zazwyczaj oferuj\u0105 szerok\u0105 gam\u0119 pojazd\u00f3w. Niezale\u017cnie od tego, czy szukasz ekonomicznego modelu, czy luksusowego samochodu, znajdziesz pojazd, kt\u00f3ry b\u0119dzie odpowiada\u0142 Twoim potrzebom i bud\u017cetowi.<\/p><\/li><li><p><strong>Gwarancja:<\/strong> Renomowane wypo\u017cyczalnie samochod\u00f3w zapewniaj\u0105 pojazdy, kt\u00f3re s\u0105 regularnie konserwowane i serwisowane, zapewniaj\u0105c bezpiecze\u0144stwo i niezawodno\u015b\u0107.<\/p><\/li><li><p><strong>Komfort:<\/strong> Na d\u0142ugie podr\u00f3\u017ce mo\u017cesz wybra\u0107 bardziej komfortowy i przestronny samoch\u00f3d, a na kr\u00f3tkie wycieczki po mie\u015bcie mo\u017cesz zdecydowa\u0107 si\u0119 na bardziej ekonomiczny i kompaktowy pojazd. Dzi\u0119ki temu uzyskasz odpowiedni poziom komfortu w ka\u017cdej sytuacji.<\/p><\/li><\/ul><p>Dzi\u0119ki tym korzy\u015bciom, jakie oferuje wynajem samochod\u00f3w, mo\u017cesz swobodnie porusza\u0107 si\u0119 w podr\u00f3\u017cy lub \u017cyciu codziennym, wybieraj\u0105c pojazd, kt\u00f3ry najlepiej odpowiada Twojemu bud\u017cetowi i potrzebom.<\/p><\/div>\t\t<\/div>\n\t\t\t\t<\/div>\n\t\t\t\t\t<\/div>\n\t\t\t\t<\/div>\n\t\t\t\t\t<\/div>\n\t\t\t\t<\/div>\n\t\t\t\t\t\t\t<\/div>\n\t\t","protected":false},"excerpt":{"rendered":"<p>Wynajem samochod\u00f3w z najlepszymi modelami Dacia Egea Hyundai Toyota Bmw Mercedes Prowad\u017a swoj\u0105 idealn\u0105 podr\u00f3\u017c | Od Egei do Mercedesa Odkryj idealne wra\u017cenia z jazdy dzi\u0119ki naszej zr\u00f3\u017cnicowanej flocie. Niezale\u017cnie od tego, czy wybierasz si\u0119 na jednodniow\u0105 wycieczk\u0119, tygodniow\u0105 podr\u00f3\u017c, czy te\u017c potrzebujesz miesi\u0119cznego wynajmu, mamy idealny samoch\u00f3d, kt\u00f3ry spe\u0142ni Twoje potrzeby. Od eleganckiej Egei [&hellip;]<\/p>\n","protected":false},"author":1,"featured_media":0,"parent":0,"menu_order":0,"comment_status":"closed","ping_status":"closed","template":"template-blank.php","meta":{"footnotes":""},"class_list":["post-15604","page","type-page","status-publish","has-post-thumbnail","hentry"],"_links":{"self":[{"href":"https:\/\/incekumtour.com\/pl\/wp-json\/wp\/v2\/pages\/15604","targetHints":{"allow":["GET"]}}],"collection":[{"href":"https:\/\/incekumtour.com\/pl\/wp-json\/wp\/v2\/pages"}],"about":[{"href":"https:\/\/incekumtour.com\/pl\/wp-json\/wp\/v2\/types\/page"}],"author":[{"embeddable":true,"href":"https:\/\/incekumtour.com\/pl\/wp-json\/wp\/v2\/users\/1"}],"replies":[{"embeddable":true,"href":"https:\/\/incekumtour.com\/pl\/wp-json\/wp\/v2\/comments?post=15604"}],"version-history":[{"count":3,"href":"https:\/\/incekumtour.com\/pl\/wp-json\/wp\/v2\/pages\/15604\/revisions"}],"predecessor-version":[{"id":15607,"href":"https:\/\/incekumtour.com\/pl\/wp-json\/wp\/v2\/pages\/15604\/revisions\/15607"}],"wp:attachment":[{"href":"https:\/\/incekumtour.com\/pl\/wp-json\/wp\/v2\/media?parent=15604"}],"curies":[{"name":"wp","href":"https:\/\/api.w.org\/{rel}","templated":true}]}}